{"id":2,"date":"2023-09-10T13:40:15","date_gmt":"2023-09-10T11:40:15","guid":{"rendered":"http:\/\/farisa.arge.kuko-ev.de\/?page_id=2"},"modified":"2023-12-05T14:13:54","modified_gmt":"2023-12-05T13:13:54","slug":"beispiel-seite","status":"publish","type":"page","link":"https:\/\/farisa.kuko-ev.de\/","title":{"rendered":"AG FARISA"},"content":{"rendered":"\n<p>In recent times, there has been an increase in the number of Iranian students who have migrated to Ilmenau to further their education and build a brighter future for themselves. This presents a great opportunity for them to come together, celebrate their culture, and form a working group. So, the AG FARISA was born.<\/p>\n\n\n\n<p>As a working group hosted by Kulturelle Koordinierung (KuKo) e.V., FARISA aims to promote Iranian literature, art, and traditions through various events such as Nowruz, Yald\u0101 Night, Ch\u0101h\u0101rshanbe Suri, and Sepand\u0101rmazg\u0101n.<\/p>\n\n\n\n<p>FARISA stands for FARavahar Iranian Students Association. The Faravahar is a well-known symbol of Zoroastrianism, which is an Iranian religion. Despite its religious roots, it has become a cultural symbol for Iranians. It\u2019s worth mentioning that we also have a phrase that represents the three pillars of Zoroastrian Faith is &#8220;Good thoughts, Good words, Good deeds.&#8221;<\/p>\n\n\n\n<p><\/p>\n\n\n\n<p><\/p>\n\n\n\n<p><\/p>\n\n\n\n<p><\/p>\n\n\n\n<p><\/p>\n","protected":false},"excerpt":{"rendered":"<p>In recent times, there has been an increase in the number of Iranian students who have migrated to Ilmenau to further their education and build a brighter future for themselves. This presents a great opportunity for them to come together, celebrate their culture, and form a working group. So, the [&hellip;]<\/p>\n","protected":false},"author":1,"featured_media":57,"parent":0,"menu_order":0,"comment_status":"closed","ping_status":"open","template":"","meta":{"footnotes":""},"class_list":["post-2","page","type-page","status-publish","has-post-thumbnail","hentry"],"yoast_head":"<!-- This site is optimized with the Yoast SEO plugin v26.2 - https:\/\/yoast.com\/wordpress\/plugins\/seo\/ -->\n<title>AG FARISA - FARISA Ilmenau<\/title>\n<meta name=\"robots\" content=\"index, follow, max-snippet:-1, max-image-preview:large, max-video-preview:-1\" \/>\n<link rel=\"canonical\" href=\"https:\/\/farisa.kuko-ev.de\/\" \/>\n<meta property=\"og:locale\" content=\"en_GB\" \/>\n<meta property=\"og:type\" content=\"article\" \/>\n<meta property=\"og:title\" content=\"AG FARISA - FARISA Ilmenau\" \/>\n<meta property=\"og:description\" content=\"In recent times, there has been an increase in the number of Iranian students who have migrated to Ilmenau to further their education and build a brighter future for themselves. This presents a great opportunity for them to come together, celebrate their culture, and form a working group. So, the [&hellip;]\" \/>\n<meta property=\"og:url\" content=\"https:\/\/farisa.kuko-ev.de\/\" \/>\n<meta property=\"og:site_name\" content=\"FARISA Ilmenau\" \/>\n<meta property=\"article:modified_time\" content=\"2023-12-05T13:13:54+00:00\" \/>\n<meta property=\"og:image\" content=\"http:\/\/farisa.kuko-ev.de\/wp-content\/uploads\/sites\/9\/2023\/12\/2019-03-TU-Ilmenau.jpg\" \/>\n\t<meta property=\"og:image:width\" content=\"2520\" \/>\n\t<meta property=\"og:image:height\" content=\"1648\" \/>\n\t<meta property=\"og:image:type\" content=\"image\/jpeg\" \/>\n<meta name=\"twitter:card\" content=\"summary_large_image\" \/>\n<meta name=\"twitter:label1\" content=\"Estimated reading time\" \/>\n\t<meta name=\"twitter:data1\" content=\"1 minute\" \/>\n<script type=\"application\/ld+json\" class=\"yoast-schema-graph\">{\"@context\":\"https:\/\/schema.org\",\"@graph\":[{\"@type\":\"WebPage\",\"@id\":\"https:\/\/farisa.kuko-ev.de\/\",\"url\":\"https:\/\/farisa.kuko-ev.de\/\",\"name\":\"AG FARISA - FARISA Ilmenau\",\"isPartOf\":{\"@id\":\"https:\/\/farisa.kuko-ev.de\/#website\"},\"primaryImageOfPage\":{\"@id\":\"https:\/\/farisa.kuko-ev.de\/#primaryimage\"},\"image\":{\"@id\":\"https:\/\/farisa.kuko-ev.de\/#primaryimage\"},\"thumbnailUrl\":\"https:\/\/farisa.kuko-ev.de\/wp-content\/uploads\/sites\/9\/2023\/12\/2019-03-TU-Ilmenau.jpg\",\"datePublished\":\"2023-09-10T11:40:15+00:00\",\"dateModified\":\"2023-12-05T13:13:54+00:00\",\"breadcrumb\":{\"@id\":\"https:\/\/farisa.kuko-ev.de\/#breadcrumb\"},\"inLanguage\":\"en-GB\",\"potentialAction\":[{\"@type\":\"ReadAction\",\"target\":[\"https:\/\/farisa.kuko-ev.de\/\"]}]},{\"@type\":\"ImageObject\",\"inLanguage\":\"en-GB\",\"@id\":\"https:\/\/farisa.kuko-ev.de\/#primaryimage\",\"url\":\"https:\/\/farisa.kuko-ev.de\/wp-content\/uploads\/sites\/9\/2023\/12\/2019-03-TU-Ilmenau.jpg\",\"contentUrl\":\"https:\/\/farisa.kuko-ev.de\/wp-content\/uploads\/sites\/9\/2023\/12\/2019-03-TU-Ilmenau.jpg\",\"width\":2520,\"height\":1648,\"caption\":\"Lange Nacht der Technik am 26.05.2013 an der Technischen Universitaet in Ilmenau (Th\u009fringen). Tausende Neugierige staunten auf vielen Stationen auf dem Campus und in der Stadt ueber Vorf\u009fhrungen aus Wissenschaft und Technik. Mit einer spektakulaeren Show mit riesigen Feuerfiguren auf Stelzen und Feuerwerk endet die Veranstaltung. Foto: Michael Reichel (ari)\"},{\"@type\":\"BreadcrumbList\",\"@id\":\"https:\/\/farisa.kuko-ev.de\/#breadcrumb\",\"itemListElement\":[{\"@type\":\"ListItem\",\"position\":1,\"name\":\"Startseite\",\"item\":\"https:\/\/farisa.kuko-ev.de\/\"},{\"@type\":\"ListItem\",\"position\":2,\"name\":\"AG FARISA\"}]},{\"@type\":\"WebSite\",\"@id\":\"https:\/\/farisa.kuko-ev.de\/#website\",\"url\":\"https:\/\/farisa.kuko-ev.de\/\",\"name\":\"FARISA Ilmenau\",\"description\":\"KuKo e.V.\",\"publisher\":{\"@id\":\"https:\/\/farisa.kuko-ev.de\/#organization\"},\"potentialAction\":[{\"@type\":\"SearchAction\",\"target\":{\"@type\":\"EntryPoint\",\"urlTemplate\":\"https:\/\/farisa.kuko-ev.de\/?s={search_term_string}\"},\"query-input\":{\"@type\":\"PropertyValueSpecification\",\"valueRequired\":true,\"valueName\":\"search_term_string\"}}],\"inLanguage\":\"en-GB\"},{\"@type\":\"Organization\",\"@id\":\"https:\/\/farisa.kuko-ev.de\/#organization\",\"name\":\"FARISA Ilmenau\",\"url\":\"https:\/\/farisa.kuko-ev.de\/\",\"logo\":{\"@type\":\"ImageObject\",\"inLanguage\":\"en-GB\",\"@id\":\"https:\/\/farisa.kuko-ev.de\/#\/schema\/logo\/image\/\",\"url\":\"https:\/\/farisa.kuko-ev.de\/wp-content\/uploads\/sites\/9\/2023\/10\/FARISA-Logo-Transparent.png\",\"contentUrl\":\"https:\/\/farisa.kuko-ev.de\/wp-content\/uploads\/sites\/9\/2023\/10\/FARISA-Logo-Transparent.png\",\"width\":730,\"height\":342,\"caption\":\"FARISA Ilmenau\"},\"image\":{\"@id\":\"https:\/\/farisa.kuko-ev.de\/#\/schema\/logo\/image\/\"}}]}<\/script>\n<!-- \/ Yoast SEO plugin. -->","yoast_head_json":{"title":"AG FARISA - FARISA Ilmenau","robots":{"index":"index","follow":"follow","max-snippet":"max-snippet:-1","max-image-preview":"max-image-preview:large","max-video-preview":"max-video-preview:-1"},"canonical":"https:\/\/farisa.kuko-ev.de\/","og_locale":"en_GB","og_type":"article","og_title":"AG FARISA - FARISA Ilmenau","og_description":"In recent times, there has been an increase in the number of Iranian students who have migrated to Ilmenau to further their education and build a brighter future for themselves. This presents a great opportunity for them to come together, celebrate their culture, and form a working group. So, the [&hellip;]","og_url":"https:\/\/farisa.kuko-ev.de\/","og_site_name":"FARISA Ilmenau","article_modified_time":"2023-12-05T13:13:54+00:00","og_image":[{"width":2520,"height":1648,"url":"http:\/\/farisa.kuko-ev.de\/wp-content\/uploads\/sites\/9\/2023\/12\/2019-03-TU-Ilmenau.jpg","type":"image\/jpeg"}],"twitter_card":"summary_large_image","twitter_misc":{"Estimated reading time":"1 minute"},"schema":{"@context":"https:\/\/schema.org","@graph":[{"@type":"WebPage","@id":"https:\/\/farisa.kuko-ev.de\/","url":"https:\/\/farisa.kuko-ev.de\/","name":"AG FARISA - FARISA Ilmenau","isPartOf":{"@id":"https:\/\/farisa.kuko-ev.de\/#website"},"primaryImageOfPage":{"@id":"https:\/\/farisa.kuko-ev.de\/#primaryimage"},"image":{"@id":"https:\/\/farisa.kuko-ev.de\/#primaryimage"},"thumbnailUrl":"https:\/\/farisa.kuko-ev.de\/wp-content\/uploads\/sites\/9\/2023\/12\/2019-03-TU-Ilmenau.jpg","datePublished":"2023-09-10T11:40:15+00:00","dateModified":"2023-12-05T13:13:54+00:00","breadcrumb":{"@id":"https:\/\/farisa.kuko-ev.de\/#breadcrumb"},"inLanguage":"en-GB","potentialAction":[{"@type":"ReadAction","target":["https:\/\/farisa.kuko-ev.de\/"]}]},{"@type":"ImageObject","inLanguage":"en-GB","@id":"https:\/\/farisa.kuko-ev.de\/#primaryimage","url":"https:\/\/farisa.kuko-ev.de\/wp-content\/uploads\/sites\/9\/2023\/12\/2019-03-TU-Ilmenau.jpg","contentUrl":"https:\/\/farisa.kuko-ev.de\/wp-content\/uploads\/sites\/9\/2023\/12\/2019-03-TU-Ilmenau.jpg","width":2520,"height":1648,"caption":"Lange Nacht der Technik am 26.05.2013 an der Technischen Universitaet in Ilmenau (Th\u009fringen). Tausende Neugierige staunten auf vielen Stationen auf dem Campus und in der Stadt ueber Vorf\u009fhrungen aus Wissenschaft und Technik. Mit einer spektakulaeren Show mit riesigen Feuerfiguren auf Stelzen und Feuerwerk endet die Veranstaltung. Foto: Michael Reichel (ari)"},{"@type":"BreadcrumbList","@id":"https:\/\/farisa.kuko-ev.de\/#breadcrumb","itemListElement":[{"@type":"ListItem","position":1,"name":"Startseite","item":"https:\/\/farisa.kuko-ev.de\/"},{"@type":"ListItem","position":2,"name":"AG FARISA"}]},{"@type":"WebSite","@id":"https:\/\/farisa.kuko-ev.de\/#website","url":"https:\/\/farisa.kuko-ev.de\/","name":"FARISA Ilmenau","description":"KuKo e.V.","publisher":{"@id":"https:\/\/farisa.kuko-ev.de\/#organization"},"potentialAction":[{"@type":"SearchAction","target":{"@type":"EntryPoint","urlTemplate":"https:\/\/farisa.kuko-ev.de\/?s={search_term_string}"},"query-input":{"@type":"PropertyValueSpecification","valueRequired":true,"valueName":"search_term_string"}}],"inLanguage":"en-GB"},{"@type":"Organization","@id":"https:\/\/farisa.kuko-ev.de\/#organization","name":"FARISA Ilmenau","url":"https:\/\/farisa.kuko-ev.de\/","logo":{"@type":"ImageObject","inLanguage":"en-GB","@id":"https:\/\/farisa.kuko-ev.de\/#\/schema\/logo\/image\/","url":"https:\/\/farisa.kuko-ev.de\/wp-content\/uploads\/sites\/9\/2023\/10\/FARISA-Logo-Transparent.png","contentUrl":"https:\/\/farisa.kuko-ev.de\/wp-content\/uploads\/sites\/9\/2023\/10\/FARISA-Logo-Transparent.png","width":730,"height":342,"caption":"FARISA Ilmenau"},"image":{"@id":"https:\/\/farisa.kuko-ev.de\/#\/schema\/logo\/image\/"}}]}},"_links":{"self":[{"href":"https:\/\/farisa.kuko-ev.de\/index.php\/wp-json\/wp\/v2\/pages\/2","targetHints":{"allow":["GET"]}}],"collection":[{"href":"https:\/\/farisa.kuko-ev.de\/index.php\/wp-json\/wp\/v2\/pages"}],"about":[{"href":"https:\/\/farisa.kuko-ev.de\/index.php\/wp-json\/wp\/v2\/types\/page"}],"author":[{"embeddable":true,"href":"https:\/\/farisa.kuko-ev.de\/index.php\/wp-json\/wp\/v2\/users\/1"}],"replies":[{"embeddable":true,"href":"https:\/\/farisa.kuko-ev.de\/index.php\/wp-json\/wp\/v2\/comments?post=2"}],"version-history":[{"count":8,"href":"https:\/\/farisa.kuko-ev.de\/index.php\/wp-json\/wp\/v2\/pages\/2\/revisions"}],"predecessor-version":[{"id":68,"href":"https:\/\/farisa.kuko-ev.de\/index.php\/wp-json\/wp\/v2\/pages\/2\/revisions\/68"}],"wp:featuredmedia":[{"embeddable":true,"href":"https:\/\/farisa.kuko-ev.de\/index.php\/wp-json\/wp\/v2\/media\/57"}],"wp:attachment":[{"href":"https:\/\/farisa.kuko-ev.de\/index.php\/wp-json\/wp\/v2\/media?parent=2"}],"curies":[{"name":"wp","href":"https:\/\/api.w.org\/{rel}","templated":true}]}}